{"id":20484,"date":"2023-03-02T20:44:51","date_gmt":"2023-03-03T01:44:51","guid":{"rendered":"https:\/\/www.turkishnyradio.com\/gizlilik-politikasi\/"},"modified":"2023-03-02T20:44:51","modified_gmt":"2023-03-03T01:44:51","slug":"gizlilik-politikasi","status":"publish","type":"page","link":"https:\/\/www.turkishnyradio.com\/tr\/gizlilik-politikasi\/","title":{"rendered":"Gizlilik Politikas\u0131"},"content":{"rendered":"<div id=\"ez-toc-container\" class=\"ez-toc-v2_0_82_2 counter-hierarchy ez-toc-counter ez-toc-grey ez-toc-container-direction\">\n<div class=\"ez-toc-title-container\">\n<p class=\"ez-toc-title\" style=\"cursor:inherit\">\u0130\u00e7indekiler Tablosu<\/p>\n<span class=\"ez-toc-title-toggle\"><a href=\"#\" class=\"ez-toc-pull-right ez-toc-btn ez-toc-btn-xs ez-toc-btn-default ez-toc-toggle\" aria-label=\"\u0130\u00e7indekiler Tablosunu A\u00e7\/Kapat\"><span class=\"ez-toc-js-icon-con\"><span class=\"\"><span class=\"eztoc-hide\" style=\"display:none;\">Toggle<\/span><span class=\"ez-toc-icon-toggle-span\"><svg style=\"fill: #999;color:#999\" xmlns=\"http:\/\/www.w3.org\/2000\/svg\" class=\"list-377408\" width=\"20px\" height=\"20px\" viewBox=\"0 0 24 24\" fill=\"none\"><path d=\"M6 6H4v2h2V6zm14 0H8v2h12V6zM4 11h2v2H4v-2zm16 0H8v2h12v-2zM4 16h2v2H4v-2zm16 0H8v2h12v-2z\" fill=\"currentColor\"><\/path><\/svg><svg style=\"fill: #999;color:#999\" class=\"arrow-unsorted-368013\" xmlns=\"http:\/\/www.w3.org\/2000\/svg\" width=\"10px\" height=\"10px\" viewBox=\"0 0 24 24\" version=\"1.2\" baseProfile=\"tiny\"><path d=\"M18.2 9.3l-6.2-6.3-6.2 6.3c-.2.2-.3.4-.3.7s.1.5.3.7c.2.2.4.3.7.3h11c.3 0 .5-.1.7-.3.2-.2.3-.5.3-.7s-.1-.5-.3-.7zM5.8 14.7l6.2 6.3 6.2-6.3c.2-.2.3-.5.3-.7s-.1-.5-.3-.7c-.2-.2-.4-.3-.7-.3h-11c-.3 0-.5.1-.7.3-.2.2-.3.5-.3.7s.1.5.3.7z\"\/><\/svg><\/span><\/span><\/span><\/a><\/span><\/div>\n<nav><ul class='ez-toc-list ez-toc-list-level-1 ' ><li class='ez-toc-page-1 ez-toc-heading-level-2'><a class=\"ez-toc-link ez-toc-heading-1\" href=\"https:\/\/www.turkishnyradio.com\/tr\/gizlilik-politikasi\/#GIRIS\" >G\u0130R\u0130\u015e<\/a><\/li><li class='ez-toc-page-1 ez-toc-heading-level-2'><a class=\"ez-toc-link ez-toc-heading-2\" href=\"https:\/\/www.turkishnyradio.com\/tr\/gizlilik-politikasi\/#TOPLADIGIMIZ_KISISEL_BILGILER\" >TOPLADI\u011eIMIZ KI\u0307\u015eI\u0307SEL BI\u0307LGI\u0307LER<\/a><\/li><li class='ez-toc-page-1 ez-toc-heading-level-2'><a class=\"ez-toc-link ez-toc-heading-3\" href=\"https:\/\/www.turkishnyradio.com\/tr\/gizlilik-politikasi\/#KISISEL_BILGILERI_NASIL_KULLANIYORUZ\" >KI\u0307\u015eI\u0307SEL BI\u0307LGI\u0307LERI\u0307 NASIL KULLANIYORUZ<\/a><ul class='ez-toc-list-level-3' ><li class='ez-toc-heading-level-3'><a class=\"ez-toc-link ez-toc-heading-4\" href=\"https:\/\/www.turkishnyradio.com\/tr\/gizlilik-politikasi\/#KISISEL_BILGILERINIZIN_KORUNMASI\" >KI\u0307\u015eI\u0307SEL BI\u0307LGI\u0307LERI\u0307NI\u0307ZI\u0307N KORUNMASI<\/a><\/li><li class='ez-toc-page-1 ez-toc-heading-level-3'><a class=\"ez-toc-link ez-toc-heading-5\" href=\"https:\/\/www.turkishnyradio.com\/tr\/gizlilik-politikasi\/#KISISEL_BILGILERIN_ACIKLANMASI\" >KI\u0307\u015eI\u0307SEL BI\u0307LGI\u0307LERI\u0307N A\u00c7IKLANMASI<\/a><ul class='ez-toc-list-level-4' ><li class='ez-toc-heading-level-4'><a class=\"ez-toc-link ez-toc-heading-6\" href=\"https:\/\/www.turkishnyradio.com\/tr\/gizlilik-politikasi\/#SIZIN_HAKLARINIZ\" >S\u0130Z\u0130N HAKLARINIZ<\/a><\/li><li class='ez-toc-page-1 ez-toc-heading-level-4'><a class=\"ez-toc-link ez-toc-heading-7\" href=\"https:\/\/www.turkishnyradio.com\/tr\/gizlilik-politikasi\/#BIZIMLE_ILETISIME_GECIN\" >B\u0130Z\u0130MLE \u0130LET\u0130\u015e\u0130ME GE\u00c7\u0130N<\/a><\/li><li class='ez-toc-page-1 ez-toc-heading-level-4'><a class=\"ez-toc-link ez-toc-heading-8\" href=\"https:\/\/www.turkishnyradio.com\/tr\/gizlilik-politikasi\/#BU_POLITIKADAKI_DEGISIKLIKLER\" >BU POLI\u0307TI\u0307KADAKI\u0307 DE\u011eI\u0307\u015eI\u0307KLI\u0307KLER<\/a><\/li><\/ul><\/li><\/ul><\/li><\/ul><\/nav><\/div>\n<h2><span class=\"ez-toc-section\" id=\"GIRIS\"><\/span>G\u0130R\u0130\u015e<span class=\"ez-toc-section-end\"><\/span><\/h2>\n<p> TurkishNY Radyo, m\u00fc\u015fterilerinin gizlili\u011fini ve g\u00fcvenli\u011fini korumay\u0131 taahh\u00fct eder. Bu gizlilik politikas\u0131, web sitemizi ziyaret edenlerden ald\u0131\u011f\u0131m\u0131z ki\u015fisel bilgileri nas\u0131l toplad\u0131\u011f\u0131m\u0131z\u0131, kulland\u0131\u011f\u0131m\u0131z\u0131 ve korudu\u011fumuzu a\u00e7\u0131klamaktad\u0131r. Bu politika, 25 May\u0131s 2018 tarihinde y\u00fcr\u00fcrl\u00fc\u011fe giren <strong>Avrupa Birli\u011fi Genel Veri Koruma Y\u00f6netmeli\u011fi&#8217;ne (GDPR)<\/strong> uygundur\u00e7   <\/p>\n<h2><span class=\"ez-toc-section\" id=\"TOPLADIGIMIZ_KISISEL_BILGILER\"><\/span>TOPLADI\u011eIMIZ KI\u0307\u015eI\u0307SEL BI\u0307LGI\u0307LER<span class=\"ez-toc-section-end\"><\/span><\/h2>\n<p> Web sitemizi ziyaret etti\u011finizde, ad\u0131n\u0131z, e-posta adresiniz, telefon numaran\u0131z ve posta adresiniz gibi ki\u015fisel bilgilerinizi toplayabiliriz. Bu bilgileri bizden bir \u00fcr\u00fcn veya hizmet sat\u0131n ald\u0131\u011f\u0131n\u0131zda, e-posta b\u00fcltenimize kaydoldu\u011funuzda veya ileti\u015fim formumuzu doldurdu\u011funuzda toplayabiliriz.  <\/p>\n<h2><span class=\"ez-toc-section\" id=\"KISISEL_BILGILERI_NASIL_KULLANIYORUZ\"><\/span>KI\u0307\u015eI\u0307SEL BI\u0307LGI\u0307LERI\u0307 NASIL KULLANIYORUZ<span class=\"ez-toc-section-end\"><\/span><\/h2>\n<p> Toplad\u0131\u011f\u0131m\u0131z ki\u015fisel bilgileri, talep etti\u011finiz \u00fcr\u00fcn ve hizmetleri size sunmak, web sitemizi ve hizmetlerimizi geli\u015ftirmek ve \u00fcr\u00fcnlerimiz ve hizmetlerimiz hakk\u0131nda sizinle ileti\u015fim kurmak i\u00e7in kullan\u0131r\u0131z. Ki\u015fisel bilgilerinizi size haber b\u00fcltenleri ve promosyon teklifleri gibi pazarlama materyalleri g\u00f6ndermek i\u00e7in de kullanabiliriz, ancak bunu yaln\u0131zca bize izin verdi\u011finiz takdirde yapabiliriz.  <\/p>\n<h3><span class=\"ez-toc-section\" id=\"KISISEL_BILGILERINIZIN_KORUNMASI\"><\/span>KI\u0307\u015eI\u0307SEL BI\u0307LGI\u0307LERI\u0307NI\u0307ZI\u0307N KORUNMASI<span class=\"ez-toc-section-end\"><\/span><\/h3>\n<p> We take all reasonable measures to protect your personal information from unauthorized access, use, or disclosure. We store your personal information on secure servers and limit access to it to those who have a legitimate need to access it.  <\/p>\n<h3><span class=\"ez-toc-section\" id=\"KISISEL_BILGILERIN_ACIKLANMASI\"><\/span>KI\u0307\u015eI\u0307SEL BI\u0307LGI\u0307LERI\u0307N A\u00c7IKLANMASI<span class=\"ez-toc-section-end\"><\/span><\/h3>\n<p> Ki\u015fisel bilgilerinizi, \u00f6deme i\u015flemcileri ve nakliye \u015firketleri gibi \u00fcr\u00fcnlerimizi ve hizmetlerimizi sa\u011flamam\u0131za yard\u0131mc\u0131 olan \u00fc\u00e7\u00fcnc\u00fc taraf hizmet sa\u011flay\u0131c\u0131larla payla\u015fabiliriz. Yaln\u0131zca bu \u00fc\u00e7\u00fcnc\u00fc taraf hizmet sa\u011flay\u0131c\u0131lar\u0131n i\u015flevlerini yerine getirmeleri i\u00e7in gerekli olan minimum miktarda ki\u015fisel bilgiyi payla\u015faca\u011f\u0131z. Ki\u015fisel bilgilerinizi ayr\u0131ca yasalar gerektirdi\u011finde veya haklar\u0131m\u0131z\u0131 ve ba\u015fkalar\u0131n\u0131n haklar\u0131n\u0131 korumak ya da doland\u0131r\u0131c\u0131l\u0131k veya di\u011fer yasad\u0131\u015f\u0131 faaliyetleri \u00f6nlemek i\u00e7in if\u015fa etmenin gerekli oldu\u011funa inand\u0131\u011f\u0131m\u0131zda da if\u015fa edebiliriz.   <\/p>\n<h4><span class=\"ez-toc-section\" id=\"SIZIN_HAKLARINIZ\"><\/span>S\u0130Z\u0130N HAKLARINIZ<span class=\"ez-toc-section-end\"><\/span><\/h4>\n<p> Toplad\u0131\u011f\u0131m\u0131z ki\u015fisel bilgilere eri\u015fme, bunlar\u0131 d\u00fczeltme veya silme hakk\u0131na sahipsiniz. Ayr\u0131ca, ki\u015fisel bilgilerinizi pazarlama amac\u0131yla kullanmam\u0131z i\u00e7in verdi\u011finiz izni istedi\u011finiz zaman geri \u00e7ekebilirsiniz.  <\/p>\n<h4><span class=\"ez-toc-section\" id=\"BIZIMLE_ILETISIME_GECIN\"><\/span>B\u0130Z\u0130MLE \u0130LET\u0130\u015e\u0130ME GE\u00c7\u0130N<span class=\"ez-toc-section-end\"><\/span><\/h4>\n<p> Gizlilik politikam\u0131z hakk\u0131nda herhangi bir sorunuz veya endi\u015feniz varsa, l\u00fctfen bizimle \u015fu adresten ileti\u015fime ge\u00e7in [insert contact information].  <\/p>\n<h4><span class=\"ez-toc-section\" id=\"BU_POLITIKADAKI_DEGISIKLIKLER\"><\/span>BU POLI\u0307TI\u0307KADAKI\u0307 DE\u011eI\u0307\u015eI\u0307KLI\u0307KLER<span class=\"ez-toc-section-end\"><\/span><\/h4>\n<p> Bu gizlilik politikas\u0131n\u0131 istedi\u011fimiz zaman de\u011fi\u015ftirme hakk\u0131m\u0131z sakl\u0131d\u0131r. Politikada yap\u0131lacak herhangi bir de\u011fi\u015fiklik web sitemizde yay\u0131nlanacak ve gerekirse sizi e-posta veya di\u011fer uygun yollarla bilgilendirece\u011fiz. Politikada yap\u0131lan herhangi bir de\u011fi\u015fikli\u011fi kabul etmiyorsan\u0131z, web sitemizi kullanmay\u0131 b\u0131rakabilirsiniz.  <\/p>\n","protected":false},"excerpt":{"rendered":"<p>G\u0130R\u0130\u015e TurkishNY Radyo, m\u00fc\u015fterilerinin gizlili\u011fini ve g\u00fcvenli\u011fini korumay\u0131 taahh\u00fct eder. Bu gizlilik politikas\u0131, web sitemizi ziyaret edenlerden ald\u0131\u011f\u0131m\u0131z ki\u015fisel bilgileri nas\u0131l toplad\u0131\u011f\u0131m\u0131z\u0131, kulland\u0131\u011f\u0131m\u0131z\u0131 ve korudu\u011fumuzu a\u00e7\u0131klamaktad\u0131r. Bu politika, 25 May\u0131s 2018 tarihinde y\u00fcr\u00fcrl\u00fc\u011fe giren Avrupa Birli\u011fi Genel Veri Koruma Y\u00f6netmeli\u011fi&#8217;ne (GDPR) uygundur\u00e7 TOPLADI\u011eIMIZ KI\u0307\u015eI\u0307SEL BI\u0307LGI\u0307LER Web sitemizi ziyaret etti\u011finizde, ad\u0131n\u0131z, e-posta adresiniz, telefon numaran\u0131z ve [&hellip;]<\/p>\n","protected":false},"author":1,"featured_media":0,"parent":0,"menu_order":0,"comment_status":"closed","ping_status":"closed","template":"","meta":{"jnews_page_loop":[],"jnews_single_page":[],"footnotes":""},"class_list":["post-20484","page","type-page","status-publish","hentry"],"_links":{"self":[{"href":"https:\/\/www.turkishnyradio.com\/tr\/wp-json\/wp\/v2\/pages\/20484","targetHints":{"allow":["GET"]}}],"collection":[{"href":"https:\/\/www.turkishnyradio.com\/tr\/wp-json\/wp\/v2\/pages"}],"about":[{"href":"https:\/\/www.turkishnyradio.com\/tr\/wp-json\/wp\/v2\/types\/page"}],"author":[{"embeddable":true,"href":"https:\/\/www.turkishnyradio.com\/tr\/wp-json\/wp\/v2\/users\/1"}],"replies":[{"embeddable":true,"href":"https:\/\/www.turkishnyradio.com\/tr\/wp-json\/wp\/v2\/comments?post=20484"}],"version-history":[{"count":0,"href":"https:\/\/www.turkishnyradio.com\/tr\/wp-json\/wp\/v2\/pages\/20484\/revisions"}],"wp:attachment":[{"href":"https:\/\/www.turkishnyradio.com\/tr\/wp-json\/wp\/v2\/media?parent=20484"}],"curies":[{"name":"wp","href":"https:\/\/api.w.org\/{rel}","templated":true}]}}