{"id":20480,"date":"2023-02-22T07:18:27","date_gmt":"2023-02-22T12:18:27","guid":{"rendered":"https:\/\/www.turkishnyradio.com\/sartlar-ve-kosullar\/"},"modified":"2024-09-30T17:52:27","modified_gmt":"2024-09-30T21:52:27","slug":"sartlar-ve-kosullar","status":"publish","type":"page","link":"https:\/\/www.turkishnyradio.com\/tr\/sartlar-ve-kosullar\/","title":{"rendered":"\u015eartlar ve Ko\u015fullar"},"content":{"rendered":"<p><span style=\"font-weight: 400;\">Ekonomi, siyaset, i\u015f d\u00fcnyas\u0131, teknoloji ve d\u00fcnya olaylar\u0131yla ilgili en son haberler, analizler ve g\u00f6r\u00fc\u015fler i\u00e7in ba\u015fvuraca\u011f\u0131n\u0131z kaynak olan haber kanal\u0131m\u0131za ho\u015f geldiniz. Web sitemize eri\u015ferek ve sitemizi kullanarak a\u015fa\u011f\u0131daki h\u00fck\u00fcm ve ko\u015fullar\u0131 kabul etmi\u015f olursunuz: <\/span><\/p>\n<ol>\n<li style=\"font-weight: 400;\" aria-level=\"1\"><span style=\"font-weight: 400;\">Do\u011fruluk ve G\u00fcvenilirlik: Do\u011fru ve g\u00fcvenilir haber ve bilgi sa\u011flamak i\u00e7in \u00e7aba g\u00f6steriyoruz ve t\u00fcm haberlerimizin adil ve dengeli olmas\u0131na b\u00fcy\u00fck \u00f6zen g\u00f6steriyoruz. Bununla birlikte, i\u00e7eri\u011fimizin do\u011frulu\u011funu veya eksiksizli\u011fini garanti etmiyoruz ve herhangi bir hata veya eksiklikten sorumlu tutulamay\u0131z. <\/span><\/li>\n<li style=\"font-weight: 400;\" aria-level=\"1\"><span style=\"font-weight: 400;\">Telif Hakk\u0131 ve Fikri M\u00fclkiyet: Metin, resim ve videolar dahil olmak \u00fczere web sitemizdeki t\u00fcm i\u00e7erik, telif hakk\u0131 ve di\u011fer fikri m\u00fclkiyet yasalar\u0131 ile korunmaktad\u0131r. Yaz\u0131l\u0131 iznimiz olmadan i\u00e7eri\u011fimizin hi\u00e7birini ticari ama\u00e7larla kullanamazs\u0131n\u0131z. <\/span><\/li>\n<li style=\"font-weight: 400;\" aria-level=\"1\"><span style=\"font-weight: 400;\">\u00dc\u00e7\u00fcnc\u00fc Taraf Sitelerine Ba\u011flant\u0131lar: Web sitemiz, kontrol\u00fcm\u00fcz alt\u0131nda olmayan \u00fc\u00e7\u00fcnc\u00fc taraf web sitelerine ba\u011flant\u0131lar i\u00e7erebilir. Bu sitelerin i\u00e7eri\u011finden veya politikalar\u0131ndan sorumlu de\u011filiz ve bu sitelerde bulunan herhangi bir bilginin do\u011frulu\u011funu onaylam\u0131yor veya garanti etmiyoruz. <\/span><\/li>\n<li style=\"font-weight: 400;\" aria-level=\"1\"><span style=\"font-weight: 400;\">Kullan\u0131c\u0131 Davran\u0131\u015f\u0131: Web sitemizi sorumlu ve sayg\u0131l\u0131 bir \u015fekilde kullanmay\u0131 kabul edersiniz. Web sitemizi spam g\u00f6nderme, hackleme veya ba\u015fkalar\u0131n\u0131 taciz etme dahil olmak \u00fczere herhangi bir yasad\u0131\u015f\u0131 veya zararl\u0131 faaliyette bulunmak i\u00e7in kullanamazs\u0131n\u0131z. <\/span><\/li>\n<li style=\"font-weight: 400;\" aria-level=\"1\"><span style=\"font-weight: 400;\">Gizlilik: Gizlili\u011finize sayg\u0131 duyuyoruz ve ki\u015fisel bilgilerinizi korumay\u0131 taahh\u00fct ediyoruz. Bilgilerinizi nas\u0131l toplad\u0131\u011f\u0131m\u0131z, kulland\u0131\u011f\u0131m\u0131z ve korudu\u011fumuz hakk\u0131nda daha fazla bilgi i\u00e7in l\u00fctfen Gizlilik Politikam\u0131za bak\u0131n. <\/span><\/li>\n<li style=\"font-weight: 400;\" aria-level=\"1\"><span style=\"font-weight: 400;\">Sorumluluk Reddi: Web sitemizi, a\u00e7\u0131k veya z\u0131mni herhangi bir garanti olmaks\u0131z\u0131n \u201coldu\u011fu gibi\u201d esas\u0131na g\u00f6re sa\u011fl\u0131yoruz. Web sitemizin hatas\u0131z veya kesintisiz olaca\u011f\u0131n\u0131 garanti etmiyoruz ve web sitemizi kullanman\u0131zdan kaynaklanabilecek herhangi bir zarardan sorumlu de\u011filiz. <\/span><\/li>\n<li style=\"font-weight: 400;\" aria-level=\"1\"><span style=\"font-weight: 400;\">Sorumlulu\u011fun S\u0131n\u0131rland\u0131r\u0131lmas\u0131: Web sitemizi kullanman\u0131zdan kaynaklanabilecek do\u011frudan, dolayl\u0131, ar\u0131zi, \u00f6zel veya sonu\u00e7 olarak ortaya \u00e7\u0131kan zararlar da dahil olmak \u00fczere hi\u00e7bir zarardan sorumlu de\u011filiz.<\/span><\/li>\n<li style=\"font-weight: 400;\" aria-level=\"1\"><span style=\"font-weight: 400;\">H\u00fck\u00fcm ve Ko\u015fullar\u0131n De\u011fi\u015ftirilmesi: Bu h\u00fck\u00fcm ve ko\u015fullar\u0131 herhangi bir zamanda, \u00f6nceden haber vermeksizin de\u011fi\u015ftirme hakk\u0131m\u0131z sakl\u0131d\u0131r. Web sitemizi kullanmaya devam etmeniz, de\u011fi\u015ftirilen h\u00fck\u00fcm ve ko\u015fullar\u0131 kabul etti\u011finiz anlam\u0131na gelir. <\/span><\/li>\n<\/ol>\n<p><span style=\"font-weight: 400;\">Web sitemize eri\u015ferek ve sitemizi kullanarak, bu h\u00fck\u00fcm ve ko\u015fullar\u0131 kabul etmi\u015f olursunuz. Bu h\u00fck\u00fcm ve ko\u015fullar\u0131 kabul etmiyorsan\u0131z, l\u00fctfen web sitemizi kullanmay\u0131n. <\/span><\/p>\n<p>&nbsp;<\/p>\n","protected":false},"excerpt":{"rendered":"<p>Ekonomi, siyaset, i\u015f d\u00fcnyas\u0131, teknoloji ve d\u00fcnya olaylar\u0131yla ilgili en son haberler, analizler ve g\u00f6r\u00fc\u015fler i\u00e7in ba\u015fvuraca\u011f\u0131n\u0131z kaynak olan haber kanal\u0131m\u0131za ho\u015f geldiniz. Web sitemize eri\u015ferek ve sitemizi kullanarak a\u015fa\u011f\u0131daki h\u00fck\u00fcm ve ko\u015fullar\u0131 kabul etmi\u015f olursunuz: Do\u011fruluk ve G\u00fcvenilirlik: Do\u011fru ve g\u00fcvenilir haber ve bilgi sa\u011flamak i\u00e7in \u00e7aba g\u00f6steriyoruz ve t\u00fcm haberlerimizin adil ve dengeli [&hellip;]<\/p>\n","protected":false},"author":1,"featured_media":0,"parent":0,"menu_order":0,"comment_status":"closed","ping_status":"closed","template":"","meta":{"jnews_page_loop":[],"jnews_single_page":[],"footnotes":""},"class_list":["post-20480","page","type-page","status-publish","hentry"],"_links":{"self":[{"href":"https:\/\/www.turkishnyradio.com\/tr\/wp-json\/wp\/v2\/pages\/20480","targetHints":{"allow":["GET"]}}],"collection":[{"href":"https:\/\/www.turkishnyradio.com\/tr\/wp-json\/wp\/v2\/pages"}],"about":[{"href":"https:\/\/www.turkishnyradio.com\/tr\/wp-json\/wp\/v2\/types\/page"}],"author":[{"embeddable":true,"href":"https:\/\/www.turkishnyradio.com\/tr\/wp-json\/wp\/v2\/users\/1"}],"replies":[{"embeddable":true,"href":"https:\/\/www.turkishnyradio.com\/tr\/wp-json\/wp\/v2\/comments?post=20480"}],"version-history":[{"count":0,"href":"https:\/\/www.turkishnyradio.com\/tr\/wp-json\/wp\/v2\/pages\/20480\/revisions"}],"wp:attachment":[{"href":"https:\/\/www.turkishnyradio.com\/tr\/wp-json\/wp\/v2\/media?parent=20480"}],"curies":[{"name":"wp","href":"https:\/\/api.w.org\/{rel}","templated":true}]}}