{"id":20462,"date":"2023-02-22T07:17:40","date_gmt":"2023-02-22T12:17:40","guid":{"rendered":"https:\/\/www.turkishnyradio.com\/hakkimizda\/"},"modified":"2024-12-09T03:28:20","modified_gmt":"2024-12-09T08:28:20","slug":"hakkimizda","status":"publish","type":"page","link":"https:\/\/www.turkishnyradio.com\/tr\/hakkimizda\/","title":{"rendered":"Hakk\u0131m\u0131zda"},"content":{"rendered":"&#13;\n<p><span style=\"font-weight: 400;\"><strong>TurkishNY Radio<\/strong>, ziyaret\u00e7ilerini T\u00fcrkiye&#8217;deki ve d\u00fcnyadaki son geli\u015fmeler hakk\u0131nda bilgilendiren g\u00fcvenilir bir haber sitesidir.\nDinleyicilerimize do\u011fru, g\u00fcvenilir ve g\u00fcncel bilgiler sunarak onlar\u0131n haberdar ve ilgili kalmalar\u0131na yard\u0131mc\u0131 olmay\u0131 ama\u00e7l\u0131yoruz. <\/span><\/p>&#13;\n&#13;\n<p><span style=\"font-weight: 400;\">Web sitemiz ekonomi, siyaset, i\u015f d\u00fcnyas\u0131 ve daha fazlas\u0131n\u0131 i\u00e7eren geni\u015f bir konu yelpazesini kapsamaktad\u0131r.\nKendini y\u00fcksek kaliteli, bilgilendirici ve ilgi \u00e7ekici i\u00e7erik sunmaya adam\u0131\u015f deneyimli gazeteciler ve katk\u0131da bulunanlardan olu\u015fan bir ekibimiz var. <\/span><\/p>&#13;\n&#13;\n<p><span style=\"font-weight: 400;\">TurkishNY Radio olarak haber sa\u011flay\u0131c\u0131 rol\u00fcm\u00fcz\u00fc ciddiye al\u0131yoruz.\nZiyaret\u00e7ilerimiz i\u00e7in en \u00f6nemli konular\u0131 tarafs\u0131z, do\u011fru ve dengeli bir \u015fekilde aktarmaya kararl\u0131y\u0131z.\nWeb sitemizde gezinmek kolayd\u0131r ve i\u00e7eri\u011fimiz \u0130ngilizce olarak mevcuttur, bu da onu geni\u015f bir kitle i\u00e7in eri\u015filebilir k\u0131lar.  <\/span><\/p>&#13;\n&#13;\n<p><span style=\"font-weight: 400;\">T\u00fcrkiye ve d\u00fcnyadaki son geli\u015fmelerden haberdar olmak istiyorsan\u0131z TurkishNY Radio&#8217;dan ba\u015fkas\u0131na bakmay\u0131n.\nL\u00fctfen bug\u00fcn web sitemize bir g\u00f6z at\u0131n ve g\u00fcncel kalman\u0131za ve etraf\u0131n\u0131zdaki d\u00fcnyayla etkile\u015fim kurman\u0131za yard\u0131mc\u0131 olacak \u00e7ok say\u0131da haber ve i\u00e7g\u00f6r\u00fc ke\u015ffedin. <\/span><\/p>&#13;\n\r\n<div class=\"wp-block-columns is-layout-flex wp-container-core-columns-is-layout-9d6595d7 wp-block-columns-is-layout-flex\">\r\n<div class=\"wp-block-column is-vertically-aligned-center is-layout-flow wp-block-column-is-layout-flow\">\r\n<ul class=\"wp-block-list\">&#13;\n<li><strong>Mail<\/strong>: info(@)turkishnyradio.com<\/li>&#13;\n\r\n\r\n&#13;\n<li><strong>Adres:<\/strong> 44 Wall St, New York, NY 10005, ABD<\/li>&#13;\n<\/ul>\r\n<\/div>\r\n\r\n\r\n\r\n<div class=\"wp-block-column is-layout-flow wp-block-column-is-layout-flow\">\r\n<div class=\"wp-block-columns is-layout-flex wp-container-core-columns-is-layout-9d6595d7 wp-block-columns-is-layout-flex\">\r\n<div class=\"wp-block-column is-layout-flow wp-block-column-is-layout-flow\">&#13;\n<figure class=\"wp-block-table\">&#13;\n<table>&#13;\n<thead>&#13;\n<tr>&#13;\n<th>\u00c7al\u0131\u015fma Saatleri<\/th>&#13;\n<th>A\u00e7\u0131k-Kapal\u0131<\/th>&#13;\n<\/tr>&#13;\n<\/thead>&#13;\n<tbody>&#13;\n<tr>&#13;\n<td>  Pazartesi  <\/td>&#13;\n<td>10:00 &#8211; 18:00  <\/td>&#13;\n<\/tr>&#13;\n<tr>&#13;\n<td>  Sal\u0131  <\/td>&#13;\n<td>10:00 &#8211; 18:00<\/td>&#13;\n<\/tr>&#13;\n<tr>&#13;\n<td>  \u00c7ar\u015famba  <\/td>&#13;\n<td>10:00 &#8211; 18:00  <\/td>&#13;\n<\/tr>&#13;\n<tr>&#13;\n<td>  Per\u015fembe<\/td>&#13;\n<td>10:00 &#8211; 18:00  <\/td>&#13;\n<\/tr>&#13;\n<tr>&#13;\n<td>  Cuma<\/td>&#13;\n<td>10:00 &#8211; 17:00<\/td>&#13;\n<\/tr>&#13;\n<tr>&#13;\n<td>  Cumartesi<\/td>&#13;\n<td>Kapal\u0131<\/td>&#13;\n<\/tr>&#13;\n<tr>&#13;\n<td>  Pazar<\/td>&#13;\n<td>Kapal\u0131<\/td>&#13;\n<\/tr>&#13;\n<\/tbody>&#13;\n<\/table>&#13;\n<\/figure>&#13;\n<\/div>\r\n<\/div>\r\n<\/div>\r\n<\/div>\r\n&#13;\n<h2 class=\"has-text-align-center wp-block-heading\">Tak\u0131m<\/h2>&#13;\n\r\n<div class=\"wp-block-columns is-layout-flex wp-container-core-columns-is-layout-9d6595d7 wp-block-columns-is-layout-flex\">\r\n<div class=\"wp-block-column is-layout-flow wp-block-column-is-layout-flow\"><div class=\"wp-block-image is-style-default wp-duotone-unset-1\">&#13;\n<figure class=\"aligncenter size-large\"><a href=\"https:\/\/www.turkishnyradio.com\/author\/debi-cakar\"><img decoding=\"async\" class=\"wp-image-812\" src=\"https:\/\/www.turkishnyradio.com\/wp-content\/uploads\/2023\/03\/debi-cakar-1-1024x682.jpg\" alt=\"Debi &#xC7;akar\" title=\"\"><\/a>&#13;\n<figcaption class=\"wp-element-caption\"><strong><a title=\"\" href=\"https:\/\/www.turkishnyradio.com\/author\/debi-cakar\">Debi \u00c7akar<\/a><\/strong><\/figcaption>&#13;\n<\/figure>&#13;\n<\/div><\/div>\r\n\r\n\r\n\r\n<div class=\"wp-block-column is-layout-flow wp-block-column-is-layout-flow\"><div class=\"wp-block-image is-style-default wp-duotone-unset-2\">&#13;\n<figure class=\"aligncenter size-large\"><a href=\"https:\/\/www.turkishnyradio.com\/author\/behcet-ekici\"><img decoding=\"async\" class=\"wp-image-853\" src=\"https:\/\/www.turkishnyradio.com\/wp-content\/uploads\/2023\/03\/Behcet-Ekici-1-1024x682.jpg\" alt=\"Beh&#xE7;et Ekici\" title=\"\"><\/a>&#13;\n<figcaption class=\"wp-element-caption\"><strong><a title=\"\" href=\"https:\/\/www.turkishnyradio.com\/author\/behcet-ekici\">Beh\u00e7et Ekici<\/a><\/strong><\/figcaption>&#13;\n<\/figure>&#13;\n<\/div><\/div>\r\n\r\n\r\n\r\n<div class=\"wp-block-column is-layout-flow wp-block-column-is-layout-flow\"><div class=\"wp-block-image is-style-default wp-duotone-unset-3\">&#13;\n<figure class=\"aligncenter size-large\"><a href=\"https:\/\/www.turkishnyradio.com\/author\/marc-paillard\"><img decoding=\"async\" class=\"wp-image-787\" src=\"https:\/\/www.turkishnyradio.com\/wp-content\/uploads\/2023\/03\/Marc-Paillard-1024x683.jpg\" alt=\"Marc Paillard\" title=\"\"><\/a>&#13;\n<figcaption class=\"wp-element-caption\"><strong><a title=\"\" href=\"https:\/\/www.turkishnyradio.com\/author\/marc-paillard\">Marc Paillard<\/a><\/strong><\/figcaption>&#13;\n<\/figure>&#13;\n<\/div><\/div>\r\n<\/div>\r\n\r\n<div class=\"wp-block-columns is-layout-flex wp-container-core-columns-is-layout-9d6595d7 wp-block-columns-is-layout-flex\">\r\n<div class=\"wp-block-column is-layout-flow wp-block-column-is-layout-flow\"><div class=\"wp-block-image is-style-default wp-duotone-unset-4\">&#13;\n<figure class=\"aligncenter size-large\"><a href=\"https:\/\/www.turkishnyradio.com\/author\/sean-odhran\"><img decoding=\"async\" class=\"wp-image-723\" src=\"https:\/\/www.turkishnyradio.com\/wp-content\/uploads\/2023\/03\/Sean-Odhran-1-1024x683.jpg\" alt=\"Sean Odhran\" title=\"\"><\/a>&#13;\n<figcaption class=\"wp-element-caption\"><strong><a title=\"\" href=\"https:\/\/www.turkishnyradio.com\/author\/sean-odhran\">Sean Odhran<\/a><\/strong><\/figcaption>&#13;\n<\/figure>&#13;\n<\/div><\/div>\r\n\r\n\r\n\r\n<div class=\"wp-block-column is-layout-flow wp-block-column-is-layout-flow\"><div class=\"wp-block-image is-style-default wp-duotone-unset-5\">&#13;\n<figure class=\"aligncenter size-large\"><a href=\"https:\/\/www.turkishnyradio.com\/author\/emma-veress\"><img decoding=\"async\" class=\"wp-image-754\" src=\"https:\/\/www.turkishnyradio.com\/wp-content\/uploads\/2023\/03\/Emma-Veress-1-1-1024x683.jpg\" alt=\"Emma Veress\" title=\"\"><\/a>&#13;\n<figcaption class=\"wp-element-caption\"><strong><a title=\"\" href=\"https:\/\/www.turkishnyradio.com\/author\/emma-veress\">Emma Veress<\/a><\/strong><\/figcaption>&#13;\n<\/figure>&#13;\n<\/div><\/div>\r\n\r\n\r\n\r\n<div class=\"wp-block-column is-layout-flow wp-block-column-is-layout-flow\"><div class=\"wp-block-image is-style-default wp-duotone-unset-6\">&#13;\n<figure class=\"aligncenter size-large\"><a href=\"https:\/\/www.turkishnyradio.com\/author\/gezim-osmani\"><img decoding=\"async\" class=\"wp-image-716\" src=\"https:\/\/www.turkishnyradio.com\/wp-content\/uploads\/2023\/03\/Gezim-osmani-1-1024x683.jpg\" alt=\"Gezim Osmani\" title=\"\"><\/a>&#13;\n<figcaption class=\"wp-element-caption\"><strong><a title=\"\" href=\"https:\/\/www.turkishnyradio.com\/author\/gezim-osmani\">Gezim Osmani<\/a><\/strong><\/figcaption>&#13;\n<\/figure>&#13;\n<\/div><\/div>\r\n<\/div>\r\n\r\n<div class=\"wp-block-columns is-layout-flex wp-container-core-columns-is-layout-9d6595d7 wp-block-columns-is-layout-flex\">\r\n<div class=\"wp-block-column is-layout-flow wp-block-column-is-layout-flow\"><div class=\"wp-block-image is-style-default wp-duotone-unset-7\">&#13;\n<figure class=\"aligncenter size-large\"><a href=\"https:\/\/www.turkishnyradio.com\/author\/andras-crow-hreidar\"><img decoding=\"async\" class=\"wp-image-759\" src=\"https:\/\/www.turkishnyradio.com\/wp-content\/uploads\/2023\/03\/Andras-Crow-Hreidar-1024x682.jpg\" alt=\"Andr&#xE1;s Crow Hreidar\" title=\"\"><\/a>&#13;\n<figcaption class=\"wp-element-caption\"><strong><a title=\"\" href=\"https:\/\/www.turkishnyradio.com\/author\/andras-crow-hreidar\">Andr\u00e1s Crow Hreidar<\/a><\/strong><\/figcaption>&#13;\n<\/figure>&#13;\n<\/div><\/div>\r\n\r\n\r\n\r\n<div class=\"wp-block-column is-layout-flow wp-block-column-is-layout-flow\"><div class=\"wp-block-image is-style-default wp-duotone-unset-8\">&#13;\n<figure class=\"aligncenter size-large\"><a href=\"https:\/\/www.turkishnyradio.com\/author\/lois-zaytsaw\"><img decoding=\"async\" class=\"wp-image-788\" src=\"https:\/\/www.turkishnyradio.com\/wp-content\/uploads\/2023\/03\/Lois-Zaytsaw-1-1024x683.jpg\" alt=\"Lois Zaytsaw\" title=\"\"><\/a>&#13;\n<figcaption class=\"wp-element-caption\"><strong><a title=\"\" href=\"https:\/\/www.turkishnyradio.com\/author\/lois-zaytsaw\">Lois Zaytsaw<\/a><\/strong><\/figcaption>&#13;\n<\/figure>&#13;\n<\/div><\/div>\r\n\r\n\r\n\r\n<div class=\"wp-block-column is-layout-flow wp-block-column-is-layout-flow\"><\/div>\r\n<\/div>\r\n","protected":false},"excerpt":{"rendered":"<p>&#13; TurkishNY Radio, ziyaret\u00e7ilerini T\u00fcrkiye&#8217;deki ve d\u00fcnyadaki son geli\u015fmeler hakk\u0131nda bilgilendiren g\u00fcvenilir bir haber sitesidir. Dinleyicilerimize do\u011fru, g\u00fcvenilir ve g\u00fcncel bilgiler sunarak onlar\u0131n haberdar ve ilgili kalmalar\u0131na yard\u0131mc\u0131 olmay\u0131 ama\u00e7l\u0131yoruz. &#13; &#13; Web sitemiz ekonomi, siyaset, i\u015f d\u00fcnyas\u0131 ve daha fazlas\u0131n\u0131 i\u00e7eren geni\u015f bir konu yelpazesini kapsamaktad\u0131r. Kendini y\u00fcksek kaliteli, bilgilendirici ve ilgi \u00e7ekici i\u00e7erik [&hellip;]<\/p>\n","protected":false},"author":9,"featured_media":0,"parent":0,"menu_order":0,"comment_status":"closed","ping_status":"closed","template":"","meta":{"jnews_page_loop":[],"jnews_single_page":[],"footnotes":""},"class_list":["post-20462","page","type-page","status-publish","hentry"],"_links":{"self":[{"href":"https:\/\/www.turkishnyradio.com\/tr\/wp-json\/wp\/v2\/pages\/20462","targetHints":{"allow":["GET"]}}],"collection":[{"href":"https:\/\/www.turkishnyradio.com\/tr\/wp-json\/wp\/v2\/pages"}],"about":[{"href":"https:\/\/www.turkishnyradio.com\/tr\/wp-json\/wp\/v2\/types\/page"}],"author":[{"embeddable":true,"href":"https:\/\/www.turkishnyradio.com\/tr\/wp-json\/wp\/v2\/users\/9"}],"replies":[{"embeddable":true,"href":"https:\/\/www.turkishnyradio.com\/tr\/wp-json\/wp\/v2\/comments?post=20462"}],"version-history":[{"count":0,"href":"https:\/\/www.turkishnyradio.com\/tr\/wp-json\/wp\/v2\/pages\/20462\/revisions"}],"wp:attachment":[{"href":"https:\/\/www.turkishnyradio.com\/tr\/wp-json\/wp\/v2\/media?parent=20462"}],"curies":[{"name":"wp","href":"https:\/\/api.w.org\/{rel}","templated":true}]}}